{"id":93,"date":"2024-04-16T09:38:30","date_gmt":"2024-04-16T07:38:30","guid":{"rendered":"https:\/\/rapid.kreativa.dev\/?page_id=93"},"modified":"2024-05-26T23:02:32","modified_gmt":"2024-05-26T21:02:32","slug":"vare-tjenester","status":"publish","type":"page","link":"https:\/\/rapid.kreativa.dev\/no\/vare-tjenester\/","title":{"rendered":"Nordens ledende leverand\u00f8r av IT-tjenester til begravelsesbransjen"},"content":{"rendered":"\n<h2 class=\"wp-block-heading\">Vi tilbyr<\/h2>\n\n\n\n<p>Rapid Data tilbyr et omfattende utvalg av tjenester, med form\u00e5let \u00e5 lette og forbedre begravelsesbyr\u00e5ets viktige arbeid. Hvis vi skulle liste opp en komplett innholdsfortegnelse for alle tjenestene, ville listen bli veldig lang, s\u00e5 her er en oversikt over hva vi har \u00e5 tilby.\u2028For den komplette rundturen, bestill gjerne en demo med oss!<\/p>\n\n\n\n<p style=\"margin-bottom:0;\"><a href=\"https:\/\/rapid.kreativa.dev\/no\/boka-demo\/\" class=\"button\">Boka demo<\/a><\/p>\n","protected":false},"excerpt":{"rendered":"<p>Vi tilbyr Rapid Data tilbyr et omfattende utvalg av tjenester, med form\u00e5let \u00e5 lette og forbedre begravelsesbyr\u00e5ets viktige arbeid. Hvis vi skulle liste opp en komplett innholdsfortegnelse for alle tjenestene, ville listen bli veldig lang, s\u00e5 her er&hellip;<\/p>\n","protected":false},"author":1,"featured_media":0,"parent":0,"menu_order":0,"comment_status":"closed","ping_status":"closed","template":"page-services.php","meta":{"_acf_changed":false,"_trash_the_other_posts":false,"footnotes":""},"class_list":["post-93","page","type-page","status-publish","hentry"],"acf":[],"_links":{"self":[{"href":"https:\/\/rapid.kreativa.dev\/no\/wp-json\/wp\/v2\/pages\/93","targetHints":{"allow":["GET"]}}],"collection":[{"href":"https:\/\/rapid.kreativa.dev\/no\/wp-json\/wp\/v2\/pages"}],"about":[{"href":"https:\/\/rapid.kreativa.dev\/no\/wp-json\/wp\/v2\/types\/page"}],"author":[{"embeddable":true,"href":"https:\/\/rapid.kreativa.dev\/no\/wp-json\/wp\/v2\/users\/1"}],"replies":[{"embeddable":true,"href":"https:\/\/rapid.kreativa.dev\/no\/wp-json\/wp\/v2\/comments?post=93"}],"version-history":[{"count":9,"href":"https:\/\/rapid.kreativa.dev\/no\/wp-json\/wp\/v2\/pages\/93\/revisions"}],"predecessor-version":[{"id":425,"href":"https:\/\/rapid.kreativa.dev\/no\/wp-json\/wp\/v2\/pages\/93\/revisions\/425"}],"wp:attachment":[{"href":"https:\/\/rapid.kreativa.dev\/no\/wp-json\/wp\/v2\/media?parent=93"}],"curies":[{"name":"wp","href":"https:\/\/api.w.org\/{rel}","templated":true}]}}